{"id":25,"date":"2026-01-05T19:54:19","date_gmt":"2026-01-05T19:54:19","guid":{"rendered":"https:\/\/autozilla.pt\/?page_id=25"},"modified":"2026-01-08T00:45:14","modified_gmt":"2026-01-08T00:45:14","slug":"importacao","status":"publish","type":"page","link":"https:\/\/autozilla.pt\/index.php\/importacao\/","title":{"rendered":"Importa\u00e7\u00e3o"},"content":{"rendered":"\t\t<div data-elementor-type=\"wp-page\" data-elementor-id=\"25\" class=\"elementor elementor-25\" data-elementor-post-type=\"page\">\n\t\t\t\t<div class=\"elementor-element elementor-element-a3dbe2c e-flex e-con-boxed e-con e-parent\" data-id=\"a3dbe2c\" data-element_type=\"container\" data-settings=\"{&quot;background_background&quot;:&quot;classic&quot;}\">\n\t\t\t\t\t<div class=\"e-con-inner\">\n\t\t\t\t<div class=\"elementor-element elementor-element-a74d7e4 elementor-widget elementor-widget-heading\" data-id=\"a74d7e4\" data-element_type=\"widget\" data-widget_type=\"heading.default\">\n\t\t\t\t\t<h1 class=\"elementor-heading-title elementor-size-default\">Processo de <\/br> importa\u00e7\u00e3o<\/h1>\t\t\t\t<\/div>\n\t\t\t\t\t<\/div>\n\t\t\t\t<\/div>\n\t\t<div class=\"elementor-element elementor-element-6410c44 e-flex e-con-boxed e-con e-parent\" data-id=\"6410c44\" data-element_type=\"container\">\n\t\t\t\t\t<div class=\"e-con-inner\">\n\t\t<div class=\"elementor-element elementor-element-c9e06e2 e-con-full e-flex e-con e-child\" data-id=\"c9e06e2\" data-element_type=\"container\">\n\t\t\t\t<div class=\"elementor-element elementor-element-8da3c68 elementor-widget__width-initial elementor-widget elementor-widget-heading\" data-id=\"8da3c68\" data-element_type=\"widget\" data-widget_type=\"heading.default\">\n\t\t\t\t\t<h3 class=\"elementor-heading-title elementor-size-default\">Carros americanos usados, importados com seguran\u00e7a, transpar\u00eancia e conformidade legal<\/h3>\t\t\t\t<\/div>\n\t\t\t\t<\/div>\n\t\t<div class=\"elementor-element elementor-element-1090d53 e-con-full e-flex e-con e-child\" data-id=\"1090d53\" data-element_type=\"container\">\n\t\t<div class=\"elementor-element elementor-element-3f9b554 e-con-full e-flex e-con e-child\" data-id=\"3f9b554\" data-element_type=\"container\" data-settings=\"{&quot;background_background&quot;:&quot;classic&quot;}\">\n\t\t\t\t<div class=\"elementor-element elementor-element-c385a14 elementor-widget elementor-widget-heading\" data-id=\"c385a14\" data-element_type=\"widget\" data-widget_type=\"heading.default\">\n\t\t\t\t\t<h2 class=\"elementor-heading-title elementor-size-default\">01.<\/h2>\t\t\t\t<\/div>\n\t\t\t\t<div class=\"elementor-element elementor-element-fed9d5c elementor-widget__width-initial elementor-widget elementor-widget-heading\" data-id=\"fed9d5c\" data-element_type=\"widget\" data-widget_type=\"heading.default\">\n\t\t\t\t\t<h3 class=\"elementor-heading-title elementor-size-default\">Sele\u00e7\u00e3o do Ve\u00edculo nos Estados Unidos<\/h3>\t\t\t\t<\/div>\n\t\t\t\t<div class=\"elementor-element elementor-element-7490ecd elementor-widget elementor-widget-text-editor\" data-id=\"7490ecd\" data-element_type=\"widget\" data-widget_type=\"text-editor.default\">\n\t\t\t\t\t\t\t\t\t<p>O processo come\u00e7a nos Estados Unidos, onde atuamos diretamente com parceiros experientes no mercado autom\u00f3vel americano.<\/p><p><strong>Selecionamos ve\u00edculos:\u2028<\/strong><\/p><ul role=\"list\"><li>Com hist\u00f3rico verificado<\/li><li>Adequados ao mercado europeu e \u00e0 revenda B2B<br \/>\u2028<\/li><\/ul><p>Cada carro \u00e9 avaliado com foco em qualidade, autenticidade e potencial comercial para concession\u00e1rias e revendedores portugueses.\u2028\u2028<\/p>\t\t\t\t\t\t\t\t<\/div>\n\t\t\t\t<\/div>\n\t\t<div class=\"elementor-element elementor-element-c80bb8f e-con-full e-flex e-con e-child\" data-id=\"c80bb8f\" data-element_type=\"container\" data-settings=\"{&quot;background_background&quot;:&quot;classic&quot;}\">\n\t\t\t\t<div class=\"elementor-element elementor-element-af98cd4 elementor-widget elementor-widget-heading\" data-id=\"af98cd4\" data-element_type=\"widget\" data-widget_type=\"heading.default\">\n\t\t\t\t\t<h2 class=\"elementor-heading-title elementor-size-default\">02.<\/h2>\t\t\t\t<\/div>\n\t\t\t\t<div class=\"elementor-element elementor-element-fd29353 elementor-widget__width-initial elementor-widget elementor-widget-heading\" data-id=\"fd29353\" data-element_type=\"widget\" data-widget_type=\"heading.default\">\n\t\t\t\t\t<h3 class=\"elementor-heading-title elementor-size-default\">Verifica\u00e7\u00e3o e Prepara\u00e7\u00e3o para Exporta\u00e7\u00e3o<\/h3>\t\t\t\t<\/div>\n\t\t\t\t<div class=\"elementor-element elementor-element-25dfd6e elementor-widget elementor-widget-text-editor\" data-id=\"25dfd6e\" data-element_type=\"widget\" data-widget_type=\"text-editor.default\">\n\t\t\t\t\t\t\t\t\t<p>Antes do envio, o ve\u00edculo passa por:\u2028<\/p><ul role=\"list\"><li>Confer\u00eancia de documenta\u00e7\u00e3o<\/li><li>Prepara\u00e7\u00e3o log\u00edstica para transporte internacional<\/li><li>Organiza\u00e7\u00e3o de toda a papelada necess\u00e1ria para exporta\u00e7\u00e3o<br \/><br \/><\/li><\/ul><p>Esse cuidado inicial garante que o processo decorra de forma fluida nas etapas seguintes.<\/p>\t\t\t\t\t\t\t\t<\/div>\n\t\t\t\t<\/div>\n\t\t\t\t<\/div>\n\t\t<div class=\"elementor-element elementor-element-b40f0b1 e-con-full e-flex e-con e-child\" data-id=\"b40f0b1\" data-element_type=\"container\">\n\t\t<div class=\"elementor-element elementor-element-e96a8a8 e-con-full e-flex e-con e-child\" data-id=\"e96a8a8\" data-element_type=\"container\" data-settings=\"{&quot;background_background&quot;:&quot;classic&quot;}\">\n\t\t\t\t<div class=\"elementor-element elementor-element-178b2e9 elementor-widget elementor-widget-heading\" data-id=\"178b2e9\" data-element_type=\"widget\" data-widget_type=\"heading.default\">\n\t\t\t\t\t<h2 class=\"elementor-heading-title elementor-size-default\">03.<\/h2>\t\t\t\t<\/div>\n\t\t\t\t<div class=\"elementor-element elementor-element-3a82198 elementor-widget__width-initial elementor-widget elementor-widget-heading\" data-id=\"3a82198\" data-element_type=\"widget\" data-widget_type=\"heading.default\">\n\t\t\t\t\t<h3 class=\"elementor-heading-title elementor-size-default\">Transporte Internacional<\/h3>\t\t\t\t<\/div>\n\t\t\t\t<div class=\"elementor-element elementor-element-2dc5c40 elementor-widget elementor-widget-text-editor\" data-id=\"2dc5c40\" data-element_type=\"widget\" data-widget_type=\"text-editor.default\">\n\t\t\t\t\t\t\t\t\t<p>A AutoZilla gere toda a log\u00edstica mar\u00edtima:\u2028<\/p><ul role=\"list\"><li>Transporte seguro por via mar\u00edtima<\/li><li>Acompanhamento do envio at\u00e9 Portugal<\/li><li>Planeamento eficiente de prazos e custos\u2028<br \/><br \/><\/li><\/ul><p>O objetivo \u00e9 garantir que o ve\u00edculo chegue ao destino com seguran\u00e7a e previsibilidade, respeitando os padr\u00f5es internacionais de transporte.<\/p>\t\t\t\t\t\t\t\t<\/div>\n\t\t\t\t<\/div>\n\t\t<div class=\"elementor-element elementor-element-c0f181a e-con-full e-flex e-con e-child\" data-id=\"c0f181a\" data-element_type=\"container\" data-settings=\"{&quot;background_background&quot;:&quot;classic&quot;}\">\n\t\t\t\t<div class=\"elementor-element elementor-element-e3b7b01 elementor-widget elementor-widget-heading\" data-id=\"e3b7b01\" data-element_type=\"widget\" data-widget_type=\"heading.default\">\n\t\t\t\t\t<h2 class=\"elementor-heading-title elementor-size-default\">04.<\/h2>\t\t\t\t<\/div>\n\t\t\t\t<div class=\"elementor-element elementor-element-4f28c8d elementor-widget__width-initial elementor-widget elementor-widget-heading\" data-id=\"4f28c8d\" data-element_type=\"widget\" data-widget_type=\"heading.default\">\n\t\t\t\t\t<h3 class=\"elementor-heading-title elementor-size-default\">Desalfandegamento em Portugal<\/h3>\t\t\t\t<\/div>\n\t\t\t\t<div class=\"elementor-element elementor-element-a96a3a0 elementor-widget elementor-widget-text-editor\" data-id=\"a96a3a0\" data-element_type=\"widget\" data-widget_type=\"text-editor.default\">\n\t\t\t\t\t\t\t\t\t<p>Quando o ve\u00edculo chega a Portugal, tratamos de todo o processo aduaneiro.<br \/><br \/><\/p><ul role=\"list\"><li>Todos os carros AutoZilla chegam legalmente desalfandegados<\/li><li>Impostos e taxas de importa\u00e7\u00e3o regularizados<\/li><li>Documenta\u00e7\u00e3o completa e conforme a legisla\u00e7\u00e3o portuguesa\u2028<br \/><br \/><\/li><\/ul><p><strong>Nesta fase, o ve\u00edculo est\u00e1 pronto para revenda no mercado B2B, sem pend\u00eancias legais.<\/strong><\/p>\t\t\t\t\t\t\t\t<\/div>\n\t\t\t\t<\/div>\n\t\t\t\t<\/div>\n\t\t\t\t\t<\/div>\n\t\t\t\t<\/div>\n\t\t<div class=\"elementor-element elementor-element-ab09a68 e-flex e-con-boxed e-con e-parent\" data-id=\"ab09a68\" data-element_type=\"container\" data-settings=\"{&quot;background_background&quot;:&quot;classic&quot;}\">\n\t\t\t\t\t<div class=\"e-con-inner\">\n\t\t\t\t\t<\/div>\n\t\t\t\t<\/div>\n\t\t<div class=\"elementor-element elementor-element-574f596 e-flex e-con-boxed e-con e-parent\" data-id=\"574f596\" data-element_type=\"container\">\n\t\t\t\t\t<div class=\"e-con-inner\">\n\t\t<div class=\"elementor-element elementor-element-271d9ef e-con-full e-flex e-con e-child\" data-id=\"271d9ef\" data-element_type=\"container\" data-settings=\"{&quot;background_background&quot;:&quot;classic&quot;}\">\n\t\t\t\t<div class=\"elementor-element elementor-element-4824a47 elementor-widget elementor-widget-heading\" data-id=\"4824a47\" data-element_type=\"widget\" data-widget_type=\"heading.default\">\n\t\t\t\t\t<h3 class=\"elementor-heading-title elementor-size-default\">Quer importar carros americanos com seguran\u00e7a?<\/h3>\t\t\t\t<\/div>\n\t\t\t\t<div class=\"elementor-element elementor-element-800075d elementor-widget elementor-widget-text-editor\" data-id=\"800075d\" data-element_type=\"widget\" data-widget_type=\"text-editor.default\">\n\t\t\t\t\t\t\t\t\t<p>Entre em contacto com a AutoZilla e fale com a nossa equipa especializada.<\/p>\t\t\t\t\t\t\t\t<\/div>\n\t\t\t\t<div class=\"elementor-element elementor-element-209b078 elementor-button-align-stretch elementor-widget elementor-widget-form\" data-id=\"209b078\" data-element_type=\"widget\" data-settings=\"{&quot;step_next_label&quot;:&quot;Next&quot;,&quot;step_previous_label&quot;:&quot;Previous&quot;,&quot;button_width&quot;:&quot;100&quot;,&quot;step_type&quot;:&quot;number_text&quot;,&quot;step_icon_shape&quot;:&quot;circle&quot;}\" data-widget_type=\"form.default\">\n\t\t\t\t<div class=\"elementor-widget-container\">\n\t\t\t\t\t\t\t<form class=\"elementor-form\" method=\"post\" name=\"Contact Form\">\n\t\t\t<input type=\"hidden\" name=\"post_id\" value=\"25\"\/>\n\t\t\t<input type=\"hidden\" name=\"form_id\" value=\"209b078\"\/>\n\t\t\t<input type=\"hidden\" name=\"referer_title\" value=\"Importa\u00e7\u00e3o\" \/>\n\n\t\t\t\t\t\t\t<input type=\"hidden\" name=\"queried_id\" value=\"25\"\/>\n\t\t\t\n\t\t\t<div class=\"elementor-form-fields-wrapper elementor-labels-\">\n\t\t\t\t\t\t\t\t<div class=\"elementor-field-type-text elementor-field-group elementor-column elementor-field-group-name elementor-col-100 elementor-field-required\">\n\t\t\t\t\t\t\t\t\t\t\t\t\t<input size=\"1\" type=\"text\" name=\"form_fields[name]\" id=\"form-field-name\" class=\"elementor-field elementor-size-md  elementor-field-textual\" placeholder=\"Nome\" required=\"required\" aria-required=\"true\">\n\t\t\t\t\t\t\t\t\t\t\t<\/div>\n\t\t\t\t\t\t\t\t<div class=\"elementor-field-type-email elementor-field-group elementor-column elementor-field-group-email elementor-col-100 elementor-field-required\">\n\t\t\t\t\t\t\t\t\t\t\t\t\t<input size=\"1\" type=\"email\" name=\"form_fields[email]\" id=\"form-field-email\" class=\"elementor-field elementor-size-md  elementor-field-textual\" placeholder=\"Email\" required=\"required\" aria-required=\"true\">\n\t\t\t\t\t\t\t\t\t\t\t<\/div>\n\t\t\t\t\t\t\t\t<div class=\"elementor-field-type-text elementor-field-group elementor-column elementor-field-group-field_791a441 elementor-col-100 elementor-field-required\">\n\t\t\t\t\t\t\t\t\t\t\t\t\t<input size=\"1\" type=\"text\" name=\"form_fields[field_791a441]\" id=\"form-field-field_791a441\" class=\"elementor-field elementor-size-md  elementor-field-textual\" placeholder=\"Telefone\" required=\"required\" aria-required=\"true\">\n\t\t\t\t\t\t\t\t\t\t\t<\/div>\n\t\t\t\t\t\t\t\t<div class=\"elementor-field-type-textarea elementor-field-group elementor-column elementor-field-group-message elementor-col-100 elementor-field-required\">\n\t\t\t\t\t<textarea class=\"elementor-field-textual elementor-field  elementor-size-md\" name=\"form_fields[message]\" id=\"form-field-message\" rows=\"4\" placeholder=\"Mensagem\" required=\"required\" aria-required=\"true\"><\/textarea>\t\t\t\t<\/div>\n\t\t\t\t\t\t\t\t<div class=\"elementor-field-group elementor-column elementor-field-type-submit elementor-col-100 e-form__buttons\">\n\t\t\t\t\t<button class=\"elementor-button elementor-size-sm\" type=\"submit\">\n\t\t\t\t\t\t<span class=\"elementor-button-content-wrapper\">\n\t\t\t\t\t\t\t\t\t\t\t\t\t\t\t\t\t\t\t\t\t\t<span class=\"elementor-button-text\">Enviar mensagem<\/span>\n\t\t\t\t\t\t\t\t\t\t\t\t\t<\/span>\n\t\t\t\t\t<\/button>\n\t\t\t\t<\/div>\n\t\t\t<\/div>\n\t\t<\/form>\n\t\t\t\t\t\t<\/div>\n\t\t\t\t<\/div>\n\t\t\t\t<div class=\"elementor-element elementor-element-e5d8e01 elementor-align-justify elementor-widget elementor-widget-button\" data-id=\"e5d8e01\" data-element_type=\"widget\" data-widget_type=\"button.default\">\n\t\t\t\t\t\t\t\t\t\t<a class=\"elementor-button elementor-button-link elementor-size-sm\" href=\"https:\/\/wa.link\/3c52cv\" target=\"_blank\">\n\t\t\t\t\t\t<span class=\"elementor-button-content-wrapper\">\n\t\t\t\t\t\t\t\t\t<span class=\"elementor-button-text\">WhatsApp<\/span>\n\t\t\t\t\t<\/span>\n\t\t\t\t\t<\/a>\n\t\t\t\t\t\t\t\t<\/div>\n\t\t\t\t<\/div>\n\t\t<div class=\"elementor-element elementor-element-be0e56f e-con-full e-flex e-con e-child\" data-id=\"be0e56f\" data-element_type=\"container\">\n\t\t\t\t<div class=\"elementor-element elementor-element-fbd6373 elementor-widget__width-initial elementor-widget elementor-widget-heading\" data-id=\"fbd6373\" data-element_type=\"widget\" data-widget_type=\"heading.default\">\n\t\t\t\t\t<h2 class=\"elementor-heading-title elementor-size-default\">Um processo pensado para o mercado B2B<\/h2>\t\t\t\t<\/div>\n\t\t\t\t<div class=\"elementor-element elementor-element-85ef093 elementor-widget elementor-widget-text-editor\" data-id=\"85ef093\" data-element_type=\"widget\" data-widget_type=\"text-editor.default\">\n\t\t\t\t\t\t\t\t\t<p>Os ve\u00edculos s\u00e3o entregues desalfandegados para revendedores B2B, a legaliza\u00e7\u00e3o \u00e9 feita apenas pelo comprador final, caso deseje colocar o carro em circula\u00e7\u00e3o.<\/p><p>A\u00a0AutoZillla.pt tamb\u00e9m pode vender ocasionalmente a particulares. Contacte-nos para mais informa\u00e7\u00f5es.<\/p>\t\t\t\t\t\t\t\t<\/div>\n\t\t\t\t<\/div>\n\t\t\t\t\t<\/div>\n\t\t\t\t<\/div>\n\t\t\t\t<\/div>\n\t\t","protected":false},"excerpt":{"rendered":"<p>Processo de importa\u00e7\u00e3o Carros americanos usados, importados com seguran\u00e7a, transpar\u00eancia e conformidade legal 01. Sele\u00e7\u00e3o do Ve\u00edculo nos Estados Unidos O processo come\u00e7a nos Estados Unidos, onde atuamos diretamente com parceiros experientes no mercado autom\u00f3vel americano. Selecionamos ve\u00edculos:\u2028 Com hist\u00f3rico verificado Adequados ao mercado europeu e \u00e0 revenda B2B\u2028 Cada carro \u00e9 avaliado com foco [&hellip;]<\/p>\n","protected":false},"author":1,"featured_media":0,"parent":0,"menu_order":0,"comment_status":"closed","ping_status":"closed","template":"elementor_header_footer","meta":{"footnotes":""},"class_list":["post-25","page","type-page","status-publish","hentry"],"_links":{"self":[{"href":"https:\/\/autozilla.pt\/index.php\/wp-json\/wp\/v2\/pages\/25","targetHints":{"allow":["GET"]}}],"collection":[{"href":"https:\/\/autozilla.pt\/index.php\/wp-json\/wp\/v2\/pages"}],"about":[{"href":"https:\/\/autozilla.pt\/index.php\/wp-json\/wp\/v2\/types\/page"}],"author":[{"embeddable":true,"href":"https:\/\/autozilla.pt\/index.php\/wp-json\/wp\/v2\/users\/1"}],"replies":[{"embeddable":true,"href":"https:\/\/autozilla.pt\/index.php\/wp-json\/wp\/v2\/comments?post=25"}],"version-history":[{"count":31,"href":"https:\/\/autozilla.pt\/index.php\/wp-json\/wp\/v2\/pages\/25\/revisions"}],"predecessor-version":[{"id":273,"href":"https:\/\/autozilla.pt\/index.php\/wp-json\/wp\/v2\/pages\/25\/revisions\/273"}],"wp:attachment":[{"href":"https:\/\/autozilla.pt\/index.php\/wp-json\/wp\/v2\/media?parent=25"}],"curies":[{"name":"wp","href":"https:\/\/api.w.org\/{rel}","templated":true}]}}