{"id":19,"date":"2026-01-05T19:53:29","date_gmt":"2026-01-05T19:53:29","guid":{"rendered":"https:\/\/autozilla.pt\/?page_id=19"},"modified":"2026-01-08T00:55:46","modified_gmt":"2026-01-08T00:55:46","slug":"home","status":"publish","type":"page","link":"https:\/\/autozilla.pt\/","title":{"rendered":"Home"},"content":{"rendered":"\t\t<div data-elementor-type=\"wp-page\" data-elementor-id=\"19\" class=\"elementor elementor-19\" data-elementor-post-type=\"page\">\n\t\t\t\t<div class=\"elementor-element elementor-element-5f301a1 e-flex e-con-boxed e-con e-parent\" data-id=\"5f301a1\" data-element_type=\"container\">\n\t\t\t\t\t<div class=\"e-con-inner\">\n\t\t\t\t<div class=\"elementor-element elementor-element-6410d4f elementor-widget elementor-widget-heading\" data-id=\"6410d4f\" data-element_type=\"widget\" data-widget_type=\"heading.default\">\n\t\t\t\t\t<h3 class=\"elementor-heading-title elementor-size-default\">O sabor do<\/h3>\t\t\t\t<\/div>\n\t\t\t\t<div class=\"elementor-element elementor-element-96c0c80 elementor-widget elementor-widget-heading\" data-id=\"96c0c80\" data-element_type=\"widget\" data-widget_type=\"heading.default\">\n\t\t\t\t\t<h1 class=\"elementor-heading-title elementor-size-default\">Sonho Americano<\/h1>\t\t\t\t<\/div>\n\t\t\t\t<div class=\"elementor-element elementor-element-9d4523f elementor-widget__width-initial e-transform elementor-widget elementor-widget-image\" data-id=\"9d4523f\" data-element_type=\"widget\" data-settings=\"{&quot;_transform_scale_effect_mobile&quot;:{&quot;unit&quot;:&quot;px&quot;,&quot;size&quot;:1.5,&quot;sizes&quot;:[]},&quot;_transform_scale_effect&quot;:{&quot;unit&quot;:&quot;px&quot;,&quot;size&quot;:&quot;&quot;,&quot;sizes&quot;:[]},&quot;_transform_scale_effect_tablet&quot;:{&quot;unit&quot;:&quot;px&quot;,&quot;size&quot;:&quot;&quot;,&quot;sizes&quot;:[]}}\" data-widget_type=\"image.default\">\n\t\t\t\t\t\t\t\t\t\t\t\t\t\t\t<img fetchpriority=\"high\" decoding=\"async\" width=\"987\" height=\"414\" src=\"https:\/\/autozilla.pt\/wp-content\/uploads\/2026\/01\/Camaro.png\" class=\"attachment-full size-full wp-image-101\" alt=\"\" srcset=\"https:\/\/autozilla.pt\/wp-content\/uploads\/2026\/01\/Camaro.png 987w, https:\/\/autozilla.pt\/wp-content\/uploads\/2026\/01\/Camaro-300x126.png 300w, https:\/\/autozilla.pt\/wp-content\/uploads\/2026\/01\/Camaro-768x322.png 768w\" sizes=\"(max-width: 987px) 100vw, 987px\" \/>\t\t\t\t\t\t\t\t\t\t\t\t\t\t\t<\/div>\n\t\t\t\t<div class=\"elementor-element elementor-element-f8f475a elementor-widget elementor-widget-heading\" data-id=\"f8f475a\" data-element_type=\"widget\" data-widget_type=\"heading.default\">\n\t\t\t\t\t<h5 class=\"elementor-heading-title elementor-size-default\">Carros importados, prontos para a revenda no mercado portugu\u00eas<\/h5>\t\t\t\t<\/div>\n\t\t\t\t<div class=\"elementor-element elementor-element-fc15d76 elementor-widget elementor-widget-button\" data-id=\"fc15d76\" data-element_type=\"widget\" data-widget_type=\"button.default\">\n\t\t\t\t\t\t\t\t\t\t<a class=\"elementor-button elementor-button-link elementor-size-sm\" href=\"https:\/\/autozilla.pt\/index.php\/contactos\/\">\n\t\t\t\t\t\t<span class=\"elementor-button-content-wrapper\">\n\t\t\t\t\t\t\t\t\t<span class=\"elementor-button-text\">Fale connosco<\/span>\n\t\t\t\t\t<\/span>\n\t\t\t\t\t<\/a>\n\t\t\t\t\t\t\t\t<\/div>\n\t\t\t\t\t<\/div>\n\t\t\t\t<\/div>\n\t\t<div class=\"elementor-element elementor-element-d5918d8 e-con-full e-flex e-con e-parent\" data-id=\"d5918d8\" data-element_type=\"container\">\n\t\t\t\t<div class=\"elementor-element elementor-element-e06ac68 elementor-widget elementor-widget-image-carousel\" data-id=\"e06ac68\" data-element_type=\"widget\" data-settings=\"{&quot;slides_to_show&quot;:&quot;9&quot;,&quot;navigation&quot;:&quot;none&quot;,&quot;slides_to_show_tablet&quot;:&quot;6&quot;,&quot;slides_to_show_mobile&quot;:&quot;4&quot;,&quot;image_spacing_custom_tablet&quot;:{&quot;unit&quot;:&quot;px&quot;,&quot;size&quot;:39,&quot;sizes&quot;:[]},&quot;image_spacing_custom_mobile&quot;:{&quot;unit&quot;:&quot;px&quot;,&quot;size&quot;:23,&quot;sizes&quot;:[]},&quot;autoplay&quot;:&quot;yes&quot;,&quot;pause_on_hover&quot;:&quot;yes&quot;,&quot;pause_on_interaction&quot;:&quot;yes&quot;,&quot;autoplay_speed&quot;:5000,&quot;infinite&quot;:&quot;yes&quot;,&quot;speed&quot;:500,&quot;image_spacing_custom&quot;:{&quot;unit&quot;:&quot;px&quot;,&quot;size&quot;:20,&quot;sizes&quot;:[]}}\" data-widget_type=\"image-carousel.default\">\n\t\t\t\t\t\t\t<div class=\"elementor-image-carousel-wrapper swiper\" role=\"region\" aria-roledescription=\"carousel\" aria-label=\"Image Carousel\" dir=\"ltr\">\n\t\t\t<div class=\"elementor-image-carousel swiper-wrapper\" aria-live=\"off\">\n\t\t\t\t\t\t\t\t<div class=\"swiper-slide\" role=\"group\" aria-roledescription=\"slide\" aria-label=\"1 of 9\"><figure class=\"swiper-slide-inner\"><img decoding=\"async\" class=\"swiper-slide-image\" src=\"https:\/\/autozilla.pt\/wp-content\/uploads\/2026\/01\/Dodge.png\" alt=\"Dodge\" \/><\/figure><\/div><div class=\"swiper-slide\" role=\"group\" aria-roledescription=\"slide\" aria-label=\"2 of 9\"><figure class=\"swiper-slide-inner\"><img decoding=\"async\" class=\"swiper-slide-image\" src=\"https:\/\/autozilla.pt\/wp-content\/uploads\/2026\/01\/Hummer.png\" alt=\"Hummer\" \/><\/figure><\/div><div class=\"swiper-slide\" role=\"group\" aria-roledescription=\"slide\" aria-label=\"3 of 9\"><figure class=\"swiper-slide-inner\"><img decoding=\"async\" class=\"swiper-slide-image\" src=\"https:\/\/autozilla.pt\/wp-content\/uploads\/2026\/01\/Ford.png\" alt=\"Ford\" \/><\/figure><\/div><div class=\"swiper-slide\" role=\"group\" aria-roledescription=\"slide\" aria-label=\"4 of 9\"><figure class=\"swiper-slide-inner\"><img decoding=\"async\" class=\"swiper-slide-image\" src=\"https:\/\/autozilla.pt\/wp-content\/uploads\/2026\/01\/Chevrolet.png\" alt=\"Chevrolet\" \/><\/figure><\/div><div class=\"swiper-slide\" role=\"group\" aria-roledescription=\"slide\" aria-label=\"5 of 9\"><figure class=\"swiper-slide-inner\"><img decoding=\"async\" class=\"swiper-slide-image\" src=\"https:\/\/autozilla.pt\/wp-content\/uploads\/2026\/01\/Cadillac.png\" alt=\"Cadillac\" \/><\/figure><\/div><div class=\"swiper-slide\" role=\"group\" aria-roledescription=\"slide\" aria-label=\"6 of 9\"><figure class=\"swiper-slide-inner\"><img decoding=\"async\" class=\"swiper-slide-image\" src=\"https:\/\/autozilla.pt\/wp-content\/uploads\/2026\/01\/Lincoln.png\" alt=\"Lincoln\" \/><\/figure><\/div><div class=\"swiper-slide\" role=\"group\" aria-roledescription=\"slide\" aria-label=\"7 of 9\"><figure class=\"swiper-slide-inner\"><img decoding=\"async\" class=\"swiper-slide-image\" src=\"https:\/\/autozilla.pt\/wp-content\/uploads\/2026\/01\/Jeep.png\" alt=\"Jeep\" \/><\/figure><\/div><div class=\"swiper-slide\" role=\"group\" aria-roledescription=\"slide\" aria-label=\"8 of 9\"><figure class=\"swiper-slide-inner\"><img decoding=\"async\" class=\"swiper-slide-image\" src=\"https:\/\/autozilla.pt\/wp-content\/uploads\/2026\/01\/GMC.png\" alt=\"GMC\" \/><\/figure><\/div><div class=\"swiper-slide\" role=\"group\" aria-roledescription=\"slide\" aria-label=\"9 of 9\"><figure class=\"swiper-slide-inner\"><img decoding=\"async\" class=\"swiper-slide-image\" src=\"https:\/\/autozilla.pt\/wp-content\/uploads\/2026\/01\/Chrysler.png\" alt=\"Chrysler\" \/><\/figure><\/div>\t\t\t<\/div>\n\t\t\t\t\t\t\t\n\t\t\t\t\t\t\t\t\t<\/div>\n\t\t\t\t\t\t<\/div>\n\t\t\t\t<\/div>\n\t\t<div class=\"elementor-element elementor-element-74f6b85 e-flex e-con-boxed e-con e-parent\" data-id=\"74f6b85\" data-element_type=\"container\">\n\t\t\t\t\t<div class=\"e-con-inner\">\n\t\t<div class=\"elementor-element elementor-element-2a405cc e-con-full e-flex e-con e-child\" data-id=\"2a405cc\" data-element_type=\"container\">\n\t\t\t\t<div class=\"elementor-element elementor-element-a10c629 elementor-widget elementor-widget-heading\" data-id=\"a10c629\" data-element_type=\"widget\" data-widget_type=\"heading.default\">\n\t\t\t\t\t<h2 class=\"elementor-heading-title elementor-size-default\">Ve\u00edculos para usos especiais<\/h2>\t\t\t\t<\/div>\n\t\t\t\t<div class=\"elementor-element elementor-element-240012e elementor-widget__width-initial elementor-widget elementor-widget-heading\" data-id=\"240012e\" data-element_type=\"widget\" data-widget_type=\"heading.default\">\n\t\t\t\t\t<h5 class=\"elementor-heading-title elementor-size-default\">Carros preparados para pista e ve\u00edculos dedicados a cinema, publicidade e produ\u00e7\u00f5es audiovisuais.<\/h5>\t\t\t\t<\/div>\n\t\t\t\t<\/div>\n\t\t<div class=\"elementor-element elementor-element-0facf45 e-con-full e-flex e-con e-child\" data-id=\"0facf45\" data-element_type=\"container\">\n\t\t<div class=\"elementor-element elementor-element-fc3c481 e-con-full e-flex e-con e-child\" data-id=\"fc3c481\" data-element_type=\"container\" data-settings=\"{&quot;background_background&quot;:&quot;classic&quot;}\">\n\t\t\t\t<div class=\"elementor-element elementor-element-f2b2169 elementor-widget elementor-widget-heading\" data-id=\"f2b2169\" data-element_type=\"widget\" data-widget_type=\"heading.default\">\n\t\t\t\t\t<h3 class=\"elementor-heading-title elementor-size-default\">Carros de Corrida<\/h3>\t\t\t\t<\/div>\n\t\t\t\t<div class=\"elementor-element elementor-element-9c54dfd elementor-widget elementor-widget-text-editor\" data-id=\"9c54dfd\" data-element_type=\"widget\" data-widget_type=\"text-editor.default\">\n\t\t\t\t\t\t\t\t\t<p>Ve\u00edculos desportivos e preparados para pista, dispon\u00edveis para eventos, exibi\u00e7\u00f5es e experi\u00eancias exclusivas<\/p>\t\t\t\t\t\t\t\t<\/div>\n\t\t\t\t<\/div>\n\t\t<div class=\"elementor-element elementor-element-fbe5d30 e-con-full e-flex e-con e-child\" data-id=\"fbe5d30\" data-element_type=\"container\" data-settings=\"{&quot;background_background&quot;:&quot;classic&quot;}\">\n\t\t\t\t<div class=\"elementor-element elementor-element-e8426fe elementor-widget elementor-widget-heading\" data-id=\"e8426fe\" data-element_type=\"widget\" data-widget_type=\"heading.default\">\n\t\t\t\t\t<h3 class=\"elementor-heading-title elementor-size-default\">Carros para cinema e produ\u00e7\u00f5es audiovisuais<\/h3>\t\t\t\t<\/div>\n\t\t\t\t<div class=\"elementor-element elementor-element-a2b9fb6 elementor-widget elementor-widget-text-editor\" data-id=\"a2b9fb6\" data-element_type=\"widget\" data-widget_type=\"text-editor.default\">\n\t\t\t\t\t\t\t\t\t<p>Ve\u00edculos cl\u00e1ssicos, ex\u00f3ticos ou especiais que podem ser alugados para filmagens, publicidade e sess\u00f5es fotogr\u00e1ficas.<\/p>\t\t\t\t\t\t\t\t<\/div>\n\t\t\t\t<\/div>\n\t\t\t\t<\/div>\n\t\t\t\t\t<\/div>\n\t\t\t\t<\/div>\n\t\t<div class=\"elementor-element elementor-element-866998f e-con-full e-flex e-con e-parent\" data-id=\"866998f\" data-element_type=\"container\">\n\t\t<div class=\"elementor-element elementor-element-b487ada e-con-full e-flex e-con e-child\" data-id=\"b487ada\" data-element_type=\"container\" data-settings=\"{&quot;background_background&quot;:&quot;classic&quot;}\">\n\t\t\t\t<\/div>\n\t\t<div class=\"elementor-element elementor-element-683dc0b e-con-full e-flex e-con e-child\" data-id=\"683dc0b\" data-element_type=\"container\">\n\t\t\t\t<div class=\"elementor-element elementor-element-2810cc8 elementor-widget elementor-widget-heading\" data-id=\"2810cc8\" data-element_type=\"widget\" data-widget_type=\"heading.default\">\n\t\t\t\t\t<h2 class=\"elementor-heading-title elementor-size-default\">Importa\u00e7\u00e3o descomplicada e segura<\/h2>\t\t\t\t<\/div>\n\t\t\t\t<div class=\"elementor-element elementor-element-3f04c7d elementor-widget elementor-widget-text-editor\" data-id=\"3f04c7d\" data-element_type=\"widget\" data-widget_type=\"text-editor.default\">\n\t\t\t\t\t\t\t\t\t<p>A AutoZilla simplifica o complexo processo de importa\u00e7\u00e3o, permitindo que voc\u00ea foque em vender e atender seus clientes, sem surpresas ou burocracia desnecess\u00e1ria.<\/p>\t\t\t\t\t\t\t\t<\/div>\n\t\t\t\t<div class=\"elementor-element elementor-element-7b45c0b elementor-widget elementor-widget-button\" data-id=\"7b45c0b\" data-element_type=\"widget\" data-widget_type=\"button.default\">\n\t\t\t\t\t\t\t\t\t\t<a class=\"elementor-button elementor-button-link elementor-size-sm\" href=\"https:\/\/autozilla.pt\/index.php\/contactos\/\">\n\t\t\t\t\t\t<span class=\"elementor-button-content-wrapper\">\n\t\t\t\t\t\t\t\t\t<span class=\"elementor-button-text\">Fale connosco<\/span>\n\t\t\t\t\t<\/span>\n\t\t\t\t\t<\/a>\n\t\t\t\t\t\t\t\t<\/div>\n\t\t\t\t<\/div>\n\t\t<div class=\"elementor-element elementor-element-18ef2e3 e-con-full e-flex e-con e-child\" data-id=\"18ef2e3\" data-element_type=\"container\" data-settings=\"{&quot;background_background&quot;:&quot;classic&quot;}\">\n\t\t\t\t<\/div>\n\t\t\t\t<\/div>\n\t\t<div class=\"elementor-element elementor-element-317d368 e-flex e-con-boxed e-con e-parent\" data-id=\"317d368\" data-element_type=\"container\">\n\t\t\t\t\t<div class=\"e-con-inner\">\n\t\t<div class=\"elementor-element elementor-element-46c5999 e-con-full e-flex e-con e-child\" data-id=\"46c5999\" data-element_type=\"container\">\n\t\t\t\t<div class=\"elementor-element elementor-element-278078a elementor-widget elementor-widget-heading\" data-id=\"278078a\" data-element_type=\"widget\" data-widget_type=\"heading.default\">\n\t\t\t\t\t<h2 class=\"elementor-heading-title elementor-size-default\">Prontos para a revenda<\/h2>\t\t\t\t<\/div>\n\t\t\t\t<div class=\"elementor-element elementor-element-94b154b elementor-widget elementor-widget-text-editor\" data-id=\"94b154b\" data-element_type=\"widget\" data-widget_type=\"text-editor.default\">\n\t\t\t\t\t\t\t\t\t<p>A AutoZilla cuida de todo o processo. Desde a sele\u00e7\u00e3o do ve\u00edculo nos Estados Unidos at\u00e9 o transporte, desalfandegamento e entrega em Portugal.\u2028\u2028Todos os carros chegam legalmente desalfandegados, prontos para a revenda.<\/p>\t\t\t\t\t\t\t\t<\/div>\n\t\t\t\t<\/div>\n\t\t<div class=\"elementor-element elementor-element-498d2a7 e-con-full e-flex e-con e-child\" data-id=\"498d2a7\" data-element_type=\"container\">\n\t\t<div class=\"elementor-element elementor-element-b4f8e59 e-con-full e-flex e-con e-child\" data-id=\"b4f8e59\" data-element_type=\"container\" data-settings=\"{&quot;background_background&quot;:&quot;classic&quot;}\">\n\t\t\t\t<div class=\"elementor-element elementor-element-d7a8a5c elementor-view-framed elementor-shape-square elementor-widget elementor-widget-icon\" data-id=\"d7a8a5c\" data-element_type=\"widget\" data-widget_type=\"icon.default\">\n\t\t\t\t\t\t\t<div class=\"elementor-icon-wrapper\">\n\t\t\t<div class=\"elementor-icon\">\n\t\t\t<svg aria-hidden=\"true\" class=\"e-font-icon-svg e-fas-search\" viewBox=\"0 0 512 512\" xmlns=\"http:\/\/www.w3.org\/2000\/svg\"><path d=\"M505 442.7L405.3 343c-4.5-4.5-10.6-7-17-7H372c27.6-35.3 44-79.7 44-128C416 93.1 322.9 0 208 0S0 93.1 0 208s93.1 208 208 208c48.3 0 92.7-16.4 128-44v16.3c0 6.4 2.5 12.5 7 17l99.7 99.7c9.4 9.4 24.6 9.4 33.9 0l28.3-28.3c9.4-9.4 9.4-24.6.1-34zM208 336c-70.7 0-128-57.2-128-128 0-70.7 57.2-128 128-128 70.7 0 128 57.2 128 128 0 70.7-57.2 128-128 128z\"><\/path><\/svg>\t\t\t<\/div>\n\t\t<\/div>\n\t\t\t\t\t\t<\/div>\n\t\t\t\t<div class=\"elementor-element elementor-element-8e01df3 elementor-widget elementor-widget-heading\" data-id=\"8e01df3\" data-element_type=\"widget\" data-widget_type=\"heading.default\">\n\t\t\t\t\t<h5 class=\"elementor-heading-title elementor-size-default\">Sele\u00e7\u00e3o nos EUA<\/h5>\t\t\t\t<\/div>\n\t\t\t\t<div class=\"elementor-element elementor-element-614c69d elementor-widget elementor-widget-text-editor\" data-id=\"614c69d\" data-element_type=\"widget\" data-widget_type=\"text-editor.default\">\n\t\t\t\t\t\t\t\t\t<p>Ve\u00edculos escolhidos com base em hist\u00f3rico e qualidade.<\/p>\t\t\t\t\t\t\t\t<\/div>\n\t\t\t\t<\/div>\n\t\t<div class=\"elementor-element elementor-element-7377dd1 e-con-full e-flex e-con e-child\" data-id=\"7377dd1\" data-element_type=\"container\" data-settings=\"{&quot;background_background&quot;:&quot;classic&quot;}\">\n\t\t\t\t<div class=\"elementor-element elementor-element-314e939 elementor-view-framed elementor-shape-square elementor-widget elementor-widget-icon\" data-id=\"314e939\" data-element_type=\"widget\" data-widget_type=\"icon.default\">\n\t\t\t\t\t\t\t<div class=\"elementor-icon-wrapper\">\n\t\t\t<div class=\"elementor-icon\">\n\t\t\t<svg xmlns=\"http:\/\/www.w3.org\/2000\/svg\" width=\"37\" height=\"38\" viewBox=\"0 0 37 38\" fill=\"none\"><path d=\"M3.60432 16.9403V5.40648C3.60432 4.92852 3.79419 4.47013 4.13216 4.13216C4.47013 3.79419 4.92851 3.60432 5.40648 3.60432H14.4173V0H21.6259V3.60432H30.6367C31.1147 3.60432 31.5731 3.79419 31.911 4.13216C32.249 4.47013 32.4389 4.92852 32.4389 5.40648V16.9403L34.396 17.5278C34.8399 17.6609 35.2154 17.9599 35.4446 18.3626C35.6738 18.7653 35.7391 19.2408 35.6269 19.6904L32.893 30.6259C31.7294 30.685 30.5653 30.518 29.4653 30.1339L31.718 20.4905L18.0216 16.2194L4.32518 20.4905L6.57788 30.1339C5.47787 30.518 4.31381 30.685 3.15017 30.6259L0.418101 19.6904C0.305821 19.241 0.370854 18.7657 0.599706 18.363C0.828559 17.9604 1.20366 17.6613 1.64717 17.5278L3.60432 16.9403ZM7.20864 15.859L18.0216 12.6151L28.8345 15.859V7.20864H7.20864V15.859ZM3.60432 34.241C6.26472 34.2444 8.83234 33.2635 10.813 31.4873C12.7936 33.2635 15.3612 34.2444 18.0216 34.241C20.682 34.2444 23.2496 33.2635 25.2302 31.4873C27.2108 33.2635 29.7785 34.2444 32.4389 34.241H36.0432V37.8453H32.4389C29.908 37.8497 27.4209 37.1845 25.2302 35.917C23.0395 37.1845 20.5525 37.8497 18.0216 37.8453C15.4907 37.8497 13.0037 37.1845 10.813 35.917C8.62225 37.1845 6.13523 37.8497 3.60432 37.8453H0V34.241H3.60432Z\" fill=\"#E8E7DA\"><\/path><\/svg>\t\t\t<\/div>\n\t\t<\/div>\n\t\t\t\t\t\t<\/div>\n\t\t\t\t<div class=\"elementor-element elementor-element-8563ff8 elementor-widget elementor-widget-heading\" data-id=\"8563ff8\" data-element_type=\"widget\" data-widget_type=\"heading.default\">\n\t\t\t\t\t<h5 class=\"elementor-heading-title elementor-size-default\">Transporte Seguro<\/h5>\t\t\t\t<\/div>\n\t\t\t\t<div class=\"elementor-element elementor-element-fa6f6e9 elementor-widget elementor-widget-text-editor\" data-id=\"fa6f6e9\" data-element_type=\"widget\" data-widget_type=\"text-editor.default\">\n\t\t\t\t\t\t\t\t\t<p>Log\u00edstica mar\u00edtima rastreada at\u00e9 Portugal.<\/p>\t\t\t\t\t\t\t\t<\/div>\n\t\t\t\t<\/div>\n\t\t<div class=\"elementor-element elementor-element-3248b6e e-con-full e-flex e-con e-child\" data-id=\"3248b6e\" data-element_type=\"container\" data-settings=\"{&quot;background_background&quot;:&quot;classic&quot;}\">\n\t\t\t\t<div class=\"elementor-element elementor-element-ed750ca elementor-view-framed elementor-shape-square elementor-widget elementor-widget-icon\" data-id=\"ed750ca\" data-element_type=\"widget\" data-widget_type=\"icon.default\">\n\t\t\t\t\t\t\t<div class=\"elementor-icon-wrapper\">\n\t\t\t<div class=\"elementor-icon\">\n\t\t\t<svg xmlns=\"http:\/\/www.w3.org\/2000\/svg\" width=\"28\" height=\"40\" viewBox=\"0 0 28 40\" fill=\"none\"><path d=\"M11.8132 15.82C14.982 18.9888 19.157 22.2087 19.157 22.2087L24.8759 16.4868C24.8759 16.4868 21.656 12.3118 18.4902 9.14304C15.3184 5.97725 11.1434 2.75439 11.1434 2.75439L5.42459 8.47624C5.42459 8.47624 8.64444 12.6512 11.8132 15.82ZM11.8132 15.82L1.80225 25.831M25.831 15.5317L18.2019 23.1608M12.1046 1.80225L4.47545 9.43139\" stroke=\"#E8E7DA\" stroke-width=\"3.60432\" stroke-linecap=\"round\" stroke-linejoin=\"round\"><\/path><path d=\"M1.80225 37.8452H25.831\" stroke=\"#E8E7DA\" stroke-width=\"3.60432\" stroke-linecap=\"round\"><\/path><\/svg>\t\t\t<\/div>\n\t\t<\/div>\n\t\t\t\t\t\t<\/div>\n\t\t\t\t<div class=\"elementor-element elementor-element-6ef99f6 elementor-widget elementor-widget-heading\" data-id=\"6ef99f6\" data-element_type=\"widget\" data-widget_type=\"heading.default\">\n\t\t\t\t\t<h5 class=\"elementor-heading-title elementor-size-default\">Desalfandegamento Legal<\/h5>\t\t\t\t<\/div>\n\t\t\t\t<div class=\"elementor-element elementor-element-30f93b6 elementor-widget elementor-widget-text-editor\" data-id=\"30f93b6\" data-element_type=\"widget\" data-widget_type=\"text-editor.default\">\n\t\t\t\t\t\t\t\t\t<p>Ve\u00edculos escolhidos com base em hist\u00f3rico e qualidade.<\/p>\t\t\t\t\t\t\t\t<\/div>\n\t\t\t\t<\/div>\n\t\t\t\t<\/div>\n\t\t\t\t\t<\/div>\n\t\t\t\t<\/div>\n\t\t<div class=\"elementor-element elementor-element-5f89e25 e-con-full e-flex e-con e-parent\" data-id=\"5f89e25\" data-element_type=\"container\">\n\t\t<div class=\"elementor-element elementor-element-0714fb2 e-con-full e-flex e-con e-child\" data-id=\"0714fb2\" data-element_type=\"container\" data-settings=\"{&quot;background_background&quot;:&quot;classic&quot;}\">\n\t\t\t\t<\/div>\n\t\t<div class=\"elementor-element elementor-element-f9e3674 e-con-full e-flex e-con e-child\" data-id=\"f9e3674\" data-element_type=\"container\">\n\t\t<div class=\"elementor-element elementor-element-0b8e7a8 e-con-full e-flex e-con e-child\" data-id=\"0b8e7a8\" data-element_type=\"container\" data-settings=\"{&quot;background_background&quot;:&quot;classic&quot;}\">\n\t\t\t\t<\/div>\n\t\t<div class=\"elementor-element elementor-element-af2362c e-con-full e-flex e-con e-child\" data-id=\"af2362c\" data-element_type=\"container\" data-settings=\"{&quot;background_background&quot;:&quot;classic&quot;}\">\n\t\t\t\t<\/div>\n\t\t\t\t<\/div>\n\t\t\t\t<\/div>\n\t\t<div class=\"elementor-element elementor-element-cd7ac8d e-con-full e-flex e-con e-parent\" data-id=\"cd7ac8d\" data-element_type=\"container\">\n\t\t\t\t<div class=\"elementor-element elementor-element-bc1d06c elementor-widget elementor-widget-google_maps\" data-id=\"bc1d06c\" data-element_type=\"widget\" data-widget_type=\"google_maps.default\">\n\t\t\t\t\t\t\t<div class=\"elementor-custom-embed\">\n\t\t\t<iframe loading=\"lazy\"\n\t\t\t\t\tsrc=\"https:\/\/maps.google.com\/maps?q=Rua%20Antonio%20paes%2C%20Arcozelo%2C%20Portugal&#038;t=m&#038;z=16&#038;output=embed&#038;iwloc=near\"\n\t\t\t\t\ttitle=\"Rua Antonio paes, Arcozelo, Portugal\"\n\t\t\t\t\taria-label=\"Rua Antonio paes, Arcozelo, Portugal\"\n\t\t\t><\/iframe>\n\t\t<\/div>\n\t\t\t\t\t\t<\/div>\n\t\t\t\t<\/div>\n\t\t\t\t<\/div>\n\t\t","protected":false},"excerpt":{"rendered":"<p>O sabor do Sonho Americano Carros importados, prontos para a revenda no mercado portugu\u00eas Fale connosco Ve\u00edculos para usos especiais Carros preparados para pista e ve\u00edculos dedicados a cinema, publicidade e produ\u00e7\u00f5es audiovisuais. Carros de Corrida Ve\u00edculos desportivos e preparados para pista, dispon\u00edveis para eventos, exibi\u00e7\u00f5es e experi\u00eancias exclusivas Carros para cinema e produ\u00e7\u00f5es audiovisuais [&hellip;]<\/p>\n","protected":false},"author":1,"featured_media":0,"parent":0,"menu_order":0,"comment_status":"closed","ping_status":"closed","template":"elementor_header_footer","meta":{"footnotes":""},"class_list":["post-19","page","type-page","status-publish","hentry"],"_links":{"self":[{"href":"https:\/\/autozilla.pt\/index.php\/wp-json\/wp\/v2\/pages\/19","targetHints":{"allow":["GET"]}}],"collection":[{"href":"https:\/\/autozilla.pt\/index.php\/wp-json\/wp\/v2\/pages"}],"about":[{"href":"https:\/\/autozilla.pt\/index.php\/wp-json\/wp\/v2\/types\/page"}],"author":[{"embeddable":true,"href":"https:\/\/autozilla.pt\/index.php\/wp-json\/wp\/v2\/users\/1"}],"replies":[{"embeddable":true,"href":"https:\/\/autozilla.pt\/index.php\/wp-json\/wp\/v2\/comments?post=19"}],"version-history":[{"count":73,"href":"https:\/\/autozilla.pt\/index.php\/wp-json\/wp\/v2\/pages\/19\/revisions"}],"predecessor-version":[{"id":281,"href":"https:\/\/autozilla.pt\/index.php\/wp-json\/wp\/v2\/pages\/19\/revisions\/281"}],"wp:attachment":[{"href":"https:\/\/autozilla.pt\/index.php\/wp-json\/wp\/v2\/media?parent=19"}],"curies":[{"name":"wp","href":"https:\/\/api.w.org\/{rel}","templated":true}]}}